{"id":4,"date":"2012-06-03T10:22:52","date_gmt":"2012-06-03T10:22:52","guid":{"rendered":"http:\/\/afu.techtalks.de\/?page_id=4"},"modified":"2012-06-03T10:22:52","modified_gmt":"2012-06-03T10:22:52","slug":"impressum","status":"publish","type":"page","link":"http:\/\/afu.techtalks.de\/?page_id=4","title":{"rendered":"Impressum"},"content":{"rendered":"<p>Stefan Fuchs<\/p>\n<p>Kindlweg 8<\/p>\n<p>93105 Tegernheim<\/p>\n<p>E-Mail: info [AT] techtalks.de<br \/>\nInternet: www.techtalks.de<\/p>\n<p>Inhaltlich Verantwortlicher gem\u00e4\u00df \u00a7 10 Absatz 3 MDStV: Stefan Fuchs<\/p>\n<p>Haftungshinweis: Trotz sorgf\u00e4ltiger inhaltlicher Kontrolle \u00fcbernehmen wir keine Haftung f\u00fcr die Inhalte externer Links. F\u00fcr den Inhalt der verlinkten Seiten sind ausschlie\u00dflich deren Betreiber verantwortlich.<br \/>\nBitte beachten Sie unseren <a href=\"http:\/\/www.disclaimer.de\/disclaimer.htm?farbe=FFFFFF\/000000\/000000\/000000\" target=\"_blank\">Haftungsausschluss<\/a>.<\/p>\n","protected":false},"excerpt":{"rendered":"<p>Stefan Fuchs Kindlweg 8 93105 Tegernheim E-Mail: info [AT] techtalks.de Internet: www.techtalks.de Inhaltlich Verantwortlicher gem\u00e4\u00df \u00a7 10 Absatz 3 MDStV: Stefan Fuchs Haftungshinweis: Trotz sorgf\u00e4ltiger inhaltlicher Kontrolle \u00fcbernehmen wir keine Haftung f\u00fcr die Inhalte externer Links. F\u00fcr den Inhalt der verlinkten Seiten sind ausschlie\u00dflich deren Betreiber verantwortlich. Bitte beachten Sie unseren Haftungsausschluss.<\/p>\n","protected":false},"author":1,"featured_media":0,"parent":0,"menu_order":0,"comment_status":"open","ping_status":"open","template":"","meta":{"ngg_post_thumbnail":0,"footnotes":""},"class_list":["post-4","page","type-page","status-publish","hentry"],"aioseo_notices":[],"_links":{"self":[{"href":"http:\/\/afu.techtalks.de\/index.php?rest_route=\/wp\/v2\/pages\/4","targetHints":{"allow":["GET"]}}],"collection":[{"href":"http:\/\/afu.techtalks.de\/index.php?rest_route=\/wp\/v2\/pages"}],"about":[{"href":"http:\/\/afu.techtalks.de\/index.php?rest_route=\/wp\/v2\/types\/page"}],"author":[{"embeddable":true,"href":"http:\/\/afu.techtalks.de\/index.php?rest_route=\/wp\/v2\/users\/1"}],"replies":[{"embeddable":true,"href":"http:\/\/afu.techtalks.de\/index.php?rest_route=%2Fwp%2Fv2%2Fcomments&post=4"}],"version-history":[{"count":1,"href":"http:\/\/afu.techtalks.de\/index.php?rest_route=\/wp\/v2\/pages\/4\/revisions"}],"predecessor-version":[{"id":5,"href":"http:\/\/afu.techtalks.de\/index.php?rest_route=\/wp\/v2\/pages\/4\/revisions\/5"}],"wp:attachment":[{"href":"http:\/\/afu.techtalks.de\/index.php?rest_route=%2Fwp%2Fv2%2Fmedia&parent=4"}],"curies":[{"name":"wp","href":"https:\/\/api.w.org\/{rel}","templated":true}]}}